{"id":1928,"date":"2025-01-24T13:30:18","date_gmt":"2025-01-24T13:30:18","guid":{"rendered":"https:\/\/enelec.lu\/?page_id=1928"},"modified":"2025-02-26T12:04:38","modified_gmt":"2025-02-26T12:04:38","slug":"privatsphar-politik","status":"publish","type":"page","link":"https:\/\/enelec.lu\/lb\/politique-de-confidentialite\/","title":{"rendered":"Privatsph\u00e4r Politik"},"content":{"rendered":"<div data-elementor-type=\"wp-page\" data-elementor-id=\"1928\" class=\"elementor elementor-1928\" data-elementor-post-type=\"page\">\n\t\t\t\t<div class=\"elementor-element elementor-element-0f0d78c e-con-full e-flex e-con e-parent\" data-id=\"0f0d78c\" data-element_type=\"container\" data-e-type=\"container\" data-settings=\"{&quot;background_background&quot;:&quot;gradient&quot;,&quot;jet_parallax_layout_list&quot;:[]}\">\n\t\t\t\t<div class=\"elementor-element elementor-element-61ab41a elementor-widget elementor-widget-heading\" data-id=\"61ab41a\" data-element_type=\"widget\" data-e-type=\"widget\" data-widget_type=\"heading.default\">\n\t\t\t\t<div class=\"elementor-widget-container\">\n\t\t\t\t\t<h1 class=\"elementor-heading-title elementor-size-default\">Privatsph\u00e4r Politik<\/h1>\t\t\t\t<\/div>\n\t\t\t\t<\/div>\n\t\t\t\t<\/div>\n\t\t<div class=\"elementor-element elementor-element-1c4ecf1 e-flex e-con-boxed e-con e-parent\" data-id=\"1c4ecf1\" data-element_type=\"container\" data-e-type=\"container\" data-settings=\"{&quot;jet_parallax_layout_list&quot;:[]}\">\n\t\t\t\t\t<div class=\"e-con-inner\">\n\t\t\t\t<div class=\"elementor-element elementor-element-0978701 elementor-widget elementor-widget-text-editor\" data-id=\"0978701\" data-element_type=\"widget\" data-e-type=\"widget\" data-widget_type=\"text-editor.default\">\n\t\t\t\t<div class=\"elementor-widget-container\">\n\t\t\t\t\t\t\t\t\t<p><strong>7. Gestioun vu pers\u00e9inlechen Donn\u00e9e\u00ebn.<\/strong><\/p><p>De Client g\u00ebtt inform\u00e9iert iwwer d&#039;Reglementer betreffend Marketingkommunikatioun, d&#039;Gesetz vum 21. Juni 2014 fir d&#039;Vertrauen an d&#039;Digital Economie, d&#039;Dateschutzgesetz vum 6. August 2004 souw\u00e9i d&#039;Allgemeng Dateschutzreglement (GDPR: n\u00b0 2016-679).<\/p><p><strong>7.1 Persoune verantwortlech fir pers\u00e9inlech Donn\u00e9e\u00ebn ze sammelen<\/strong><\/p><p>Fir Pers\u00e9inlech Donn\u00e9e\u00eb gesammelt am Kader vun der Schafung vum Benotzer s\u00e4i pers\u00e9inleche Kont an hirem Surfen um Site, ass d\u00e9i verantwortlech Persoun fir d&#039;Veraarbechtung vu pers\u00e9inlechen Donn\u00e9e\u00ebn: https:\/\/enelec.lu\/ g\u00ebtt duerch den Thomas Malpas, sengem juristesche Vertrieder vertrueden.<\/p><p>Als Controller vun den Donn\u00e9e\u00ebn, d\u00e9i se sammelen, verpflichte https:\/\/enelec.lu\/ de Kader vun de gesetzleche Best\u00ebmmunge respekt\u00e9ieren. Et ass besonnesch dem Client seng Verantwortung fir d&#039;Ziler vu senger Dateveraarbechtung festzelee\u00ebn, seng Perspektiven a Clienten, bas\u00e9iert op der Sammlung vun hiren Zoust\u00ebmmungen, komplett Informatioun iwwer d&#039;Veraarbechtung vun hire pers\u00e9inlechen Donn\u00e9e\u00ebn ze ginn an e Veraarbechtungsregister z&#039;erhalen, deen der Realit\u00e9it richteg ass. All K\u00e9ier wann https:\/\/enelec.lu\/ Pers\u00e9inlech Donn\u00e9e\u00ebn veraarbecht, h\u00eblt https:\/\/enelec.lu\/ all raisonnabel Schr\u00ebtt fir s\u00e9cherzestellen datt d&#039;Pers\u00e9inlech Donn\u00e9e\u00ebn korrekt a relevant sinn fir d&#039;Ziler fir d\u00e9i https:\/\/enelec.lu\/ se veraarbecht.<\/p><p><strong>7.2 Zweck vun den gesammelten Donn\u00e9e\u00ebn<\/strong><\/p><p>https:\/\/enelec.lu\/ kann all oder en Deel vun den Donn\u00e9e\u00ebn veraarbecht ginn:<\/p><p>fir d&#039;Navigatioun um Site z&#039;erm\u00e9iglechen an d&#039;Gestioun an d&#039;Traceabilit\u00e9it vun de Servicer, d\u00e9i vum Benotzer bestallt sinn, z&#039;erm\u00e9iglechen: Verbindungs- an Notzungsdaten fir de Site, Rechnung, Bestellungsgeschicht, asw.<br \/>Fir Computerbedruch ze verh\u00ebnneren an ze bek\u00e4mpfen (Spamming, Hacking, asw.): Computerausr\u00fcstung benotzt fir ze surfen, IP Adress, Passwuert (hashed)<br \/>Navigatioun um Site ze verbesseren: Verbindungs- a Benotzungsdaten<br \/>fir fakultativ Zefriddenheets\u00ebmfroen op https:\/\/enelec.lu\/: E-Mailadress ze maachen<br \/>Kommunikatiounskampagnen ze maachen (SMS, E-Mail): Telefonsnummer, E-Mailadress<\/p><p>https:\/\/enelec.lu\/ vermaart \u00c4r pers\u00e9inlech Donn\u00e9e\u00ebn net, d\u00e9i also n\u00ebmmen aus Noutwennegkeet oder fir statistesch an Analysezwecker benotzt ginn.<\/p><p><strong>7.3 Recht op Zougang, Rectifikatioun an Oppositioun<\/strong><\/p><p>Am Aklang mat aktuellen europ\u00e4esche Reglementer hunn d&#039;Benotzer vun https:\/\/enelec.lu\/ folgend Rechter:<\/p><p>Recht op Zougang (Artikel 15 GDPR) a Korrektur (Artikel 16 GDPR), Aktualis\u00e9ierung, Vollst\u00e4ndegkeet vun de Benotzerdaten Recht fir Benotzer pers\u00e9inlech Donn\u00e9e\u00ebn ze block\u00e9ieren oder ze l\u00e4schen (Artikel 17 GDPR), wa se ongenau, onkomplett, zweedeiteg, al sinn, oder deenen hir Sammlung, Notzung, Kommunikatioun oder Konservatioun verbueden ass<br \/>d&#039;Recht d&#039;Zoust\u00ebmmung zu all Moment zr\u00e9ckzez\u00e9ien (Artikel 13-2c GDPR)<br \/>Recht fir d&#039;Veraarbechtung vu Benotzerdaten ze limit\u00e9ieren (Artikel 18 GDPR)<br \/>Recht g\u00e9int d&#039;Veraarbechtung vu Benotzerdaten ze protest\u00e9ieren (Artikel 21 GDPR)<br \/>d&#039;Recht op d&#039;Portabilit\u00e9it vun den Donn\u00e9e\u00ebn, d\u00e9i d&#039;Benotzer geliwwert hunn, wann d\u00ebs Donn\u00e9e\u00ebn \u00ebnner automatis\u00e9ierter Veraarbechtung bas\u00e9iert op hirer Zoust\u00ebmmung oder op engem Kontrakt (Artikel 20 GDPR)<br \/>d&#039;Recht fir d&#039;Schicksal vun den Donn\u00e9e\u00ebn vun de Benotzer no hirem Doud ze defin\u00e9ieren an ze wielen, wiem https:\/\/enelec.lu\/ hir Donn\u00e9e\u00ebn un eng Dr\u00ebtt Partei, d\u00e9i se virdru design\u00e9iert hunn, matdeelen (oder net)<\/p><p>Soubal https:\/\/enelec.lu\/ den Doud vun engem Benotzer bewosst g\u00ebtt an an der Verontreiung vun Instruktioune vum Benotzer, verpflicht sech https:\/\/enelec.lu\/ dem Benotzer seng Donn\u00e9e\u00ebn ze zerst\u00e9ieren, ausser hir Erhale fir Beweiszwecker oder fir eng gesetzlech Verpflichtung ze erf\u00ebllen.<\/p><p>Wann de Benotzer w\u00ebsse w\u00ebllt w\u00e9i https:\/\/enelec.lu\/ seng\/hir pers\u00e9inlech Donn\u00e9e\u00eb benotzt, se ufroe fir se ze korrig\u00e9ieren oder sech g\u00e9int hir Veraarbechtung widderhuelen, kann de Benotzer https:\/\/enelec.lu\/ schr\u00ebftlech op folgend Adress kontakt\u00e9ieren:<\/p><p>\u2013 DPO, Thomas Malpas<br \/>88 rue des Ardennes 6780 Messancy.<\/p><p>An d\u00ebsem Fall muss de Benotzer d\u00e9i Pers\u00e9inlech Donn\u00e9e\u00ebn uginn, d\u00e9i hien https:\/\/enelec.lu\/ w\u00ebllt korrig\u00e9ieren, aktualis\u00e9ieren oder l\u00e4schen, andeems hien sech pr\u00e4zis mat enger Kopie vun engem Identit\u00e9itsdokument (Identit\u00e9itskaart oder Pass) identifiz\u00e9iert.<\/p><p>D&#039;Demande fir d&#039;L\u00e4sche vu pers\u00e9inlechen Donn\u00e9e\u00ebn \u00ebnnerleien den Obligatiounen, d\u00e9i op https:\/\/enelec.lu\/ vum Gesetz virgesi sinn, besonnesch wat d&#039;Erhaalung oder d&#039;Archiv\u00e9ierung vun Dokumenter ugeet. Schlussendlech k\u00ebnnen d&#039;Benotzer vun https:\/\/enelec.lu\/ eng Plainte bei den Opsiichtsautorit\u00e9iten, virun allem der CNIL, maachen (https:\/\/www.cnil.fr\/fr\/plaintes).<\/p><p><strong>7.4 Net-Kommunikatioun vu pers\u00e9inlechen Donn\u00e9e\u00ebn<\/strong><\/p><p>https:\/\/enelec.lu\/ verbitt sech selwer d&#039;Informatioun, d\u00e9i iwwer seng Clienten gesammelt g\u00ebtt, ze veraarbechten, ze hosten oder ze transfer\u00e9ieren an e Land dat ausserhalb vun der Europ\u00e4escher Unioun l\u00e4it oder vun der Europ\u00e4escher Kommissioun als &quot;inadequat&quot; unerkannt g\u00ebtt, ouni de Client \u00e9ischt z&#039;inform\u00e9ieren. https:\/\/enelec.lu\/ bleift awer fr\u00e4i seng technesch a kommerziell \u00cbnnerkontrakter ze wielen, op der Bedingung datt se genuch Garantien ubidden, wat d&#039;Ufuerderunge vum General Data Protection Regulation (GDPR: Nr. 2016-679) ugeet.<\/p><p>https:\/\/enelec.lu\/ verpflicht all n\u00e9ideg Virsiichtsmoossnamen ze huelen fir d&#039;S\u00e9cherheet vun der Informatioun ze erhaalen a besonnesch fir s\u00e9cherzestellen datt se net un onerlaabten Persounen kommuniz\u00e9iert g\u00ebtt. Wann awer en T\u00ebschefall, deen d&#039;Integrit\u00e9it oder d&#039;Vertraulechkeet vun der Informatioun vum Client beaflosst, op https:\/\/enelec.lu\/ opmierksam gemaach g\u00ebtt, muss de Client sou s\u00e9ier w\u00e9i m\u00e9iglech inform\u00e9ieren an d&#039;Korrekturmoossname matdeelen. Ausserdeem sammelt https:\/\/enelec.lu\/ keng &quot;sensibel Donn\u00e9e\u00ebn&quot;.<\/p><p>Dem Benotzer seng pers\u00e9inlech Donn\u00e9e\u00eb k\u00ebnne vun Filialen vun https:\/\/enelec.lu\/ an \u00cbnnerkontrakter (Serviceprovider) veraarbecht ginn, exklusiv fir d&#039;Ziler vun d\u00ebser Politik z&#039;erreechen.<\/p><p>Bannent de Grenze vun hiren jeweilegen Attributiounen a fir d\u00e9i uewe genannten Zwecker sinn d&#039;Haaptpersounen, d\u00e9i m\u00e9iglecherweis Zougang zu den Donn\u00e9e\u00ebn vun de Benotzer vun https:\/\/enelec.lu\/ hunn, haapts\u00e4chlech d&#039;Agenten vun eisem Clientsservice.<\/p><p><strong>7.5 Zorte vun Daten gesammelt<\/strong><\/p><p>Wat d&#039;Benotzer vun engem Site https:\/\/enelec.lu\/ ugeet, sammele mir d\u00e9i folgend Donn\u00e9e\u00ebn, d\u00e9i essentiell sinn fir de Fonctionnement vum Service, an d\u00e9i fir eng maximal Period vun \/ Mount nom Enn vun der kontraktueller Bez\u00e9iung gehale ginn:<br \/>\/<\/p><p>https:\/\/enelec.lu\/ sammelt och Informatioun d\u00e9i d&#039;Benotzererfarung verbessert a bitt kontextualis\u00e9iert Tipps:<br \/>\/<\/p><p>D\u00ebs Donn\u00e9e\u00eb gi maximal \/ Mount nom Enn vun der kontraktueller Bez\u00e9iung gehal.<\/p><p><strong>8. T\u00ebschefall Notifikatioun.<\/strong><\/p><p>Trotz beschten Efforten, keng Method vun Iwwerdroung iwwer den Internet, a keng Method vun elektronescher Stockage, ass komplett s\u00e9cher. Mir k\u00ebnnen also keng absolut S\u00e9cherheet garant\u00e9ieren. Wa mir vun engem S\u00e9cherheetsbroch bewosst ginn, w\u00e4erte mir betraff Benotzer matdeelen sou datt se entspriechend Moossname maache k\u00ebnnen. Eis T\u00ebschefallberichterstattungsprozeduren ber\u00fccksichtegen eis gesetzlech Verpflichtungen, sief et op nationalem oder europ\u00e4eschem Niveau. Mir verpflichte eis Clienten voll ze inform\u00e9ieren iwwer all Saache betreffend d&#039;S\u00e9cherheet vun hirem Kont an hinnen all d\u00e9i n\u00e9ideg Informatioun ze ginn fir hinnen ze h\u00ebllefen hir eege reglementaresch Berichterstattung ze erf\u00ebllen.<\/p><p>Keng pers\u00e9inlech Informatioun vum Benotzer vum Site https:\/\/enelec.lu\/ g\u00ebtt ouni dem Benotzer s\u00e4i W\u00ebsse publiz\u00e9iert, austauscht, iwwerginn, zougewisen oder iwwer iergendeng Medium un Dr\u00ebtte verkaaft. N\u00ebmmen d&#039;Hypothese vum R\u00e9ckkaaf vun https:\/\/enelec.lu\/ a seng Rechter g\u00e9ifen d&#039;Iwwerdroung vun der Informatioun un de potenzielle Keefer erlaben, deen dann un d\u00e9iselwecht Verpflichtung vun der Konservatioun an der Modifikatioun vun den Donn\u00e9e\u00ebn gebonne wier, wat de Benotzer vum Site https:\/\/enelec.lu\/ ugeet.<\/p><p>S\u00e9cherheet<\/p><p>Fir d&#039;S\u00e9cherheet an d&#039;Vertraulechkeet vu pers\u00e9inlechen Donn\u00e9e\u00ebn a Pers\u00e9inleche Gesondheetsdaten ze garant\u00e9ieren, benotzt https:\/\/enelec.lu\/ Netzwierker gesch\u00fctzt vu Standardger\u00e4ter w\u00e9i Firewalls, Pseudonymis\u00e9ierung, Verschl\u00ebsselung a Passwierder.<\/p><p>Beim Veraarbechtung vu pers\u00e9inlechen Donn\u00e9e\u00ebn, https:\/\/enelec.lu\/ h\u00eblt all raisonnabel Moossname fir se vu Verloscht, M\u00ebssbrauch, onerlaabten Zougang, Ver\u00ebffentlechung, \u00c4nnerung oder Zerst\u00e9ierung ze sch\u00fctzen.<\/p><p><strong>9. Hypertext Linken, &quot;Cookien&quot; an Internet Tags<\/strong><\/p><p>De Site https:\/\/enelec.lu\/ enth\u00e4lt eng gew\u00ebssen Unzuel vun Hypertextlinken op aner Siten, opgeriicht mat der Autorisatioun vun https:\/\/enelec.lu\/. https:\/\/enelec.lu\/ huet allerd\u00e9ngs net d\u2019M\u00e9iglechkeet den Inhalt vun de sou besichte Site z\u2019iwwerpr\u00e9iwen, a w\u00e4ert dofir keng Verantwortung dofir iwwerhuelen.<\/p><p>Ausser Dir decid\u00e9iert Cookien auszeschalten, Dir averstanen dass de Site se benotzen kann. Dir k\u00ebnnt d\u00ebs Cookien zu all Moment gratis deaktiv\u00e9ieren, andeems Dir d&#039;Desaktiv\u00e9ierungsoptioune benotzt, d\u00e9i Iech ugebuede ginn an hei \u00ebnnen er\u00ebnnert, w\u00ebssend datt d\u00ebst d&#039;Accessibilit\u00e9it fir all oder en Deel vun de Servicer, d\u00e9i vum Site ugebuede ginn, reduz\u00e9ieren oder verh\u00ebnneren.<\/p><p><strong>9.1. &quot;COOKIES&quot;<\/strong><\/p><p>E &quot;Cookie&quot; ass eng kleng Informatiounsdatei, d\u00e9i an de Browser vum Benotzer gesch\u00e9ckt g\u00ebtt an um Terminal vum Benotzer gesp\u00e4ichert ass (z.B. Computer, Smartphone), (nodr\u00e9iglech &quot;Cookien&quot;). D\u00ebse Fichier enth\u00e4lt Informatiounen w\u00e9i den Domain Numm vum Benotzer, dem Benotzer s\u00e4in Internet Service Provider, de Betribssystem vum Benotzer an den Datum an Z\u00e4it vum Zougang. Cookies risk\u00e9ieren op kee Fall dem Benotzer s\u00e4in Terminal ze beschiedegen.<\/p><p>https:\/\/enelec.lu\/ kann dem Benotzer seng Informatioune betreffend hire Besuch um Site veraarbechten, sou w\u00e9i d&#039;S\u00e4iten d\u00e9i gekuckt ginn an d&#039;Sichungen d\u00e9i duerchgefouert goufen. D\u00ebs Informatioun erlaabt https:\/\/enelec.lu\/ den Inhalt vum Site an d&#039;Navigatioun vum Benotzer ze verbesseren.<\/p><p>Cookien erliichteren d&#039;Navigatioun an\/oder d&#039;Bereetstellung vu Servicer, d\u00e9i vum Site ugebuede ginn, de Benotzer kann s\u00e4i Browser konfigur\u00e9ieren fir him ze entscheeden ob hien se akzept\u00e9iere w\u00ebll oder net, sou datt Cookien am Terminal gesp\u00e4ichert ginn oder am G\u00e9igendeel datt se refus\u00e9iert ginn, entweder systematesch oder no hirem Emittent. De Benotzer kann och hir Browser Software konfigur\u00e9ieren sou datt d&#039;Akzeptanz oder d&#039;Verweigerung vu Cookien hinnen vun Z\u00e4it zu Z\u00e4it ugebuede g\u00ebtt, ier e Cookie wahrscheinlech op hirem Terminal gesp\u00e4ichert g\u00ebtt. https:\/\/enelec.lu\/ inform\u00e9iert de Benotzer, datt an d\u00ebsem Fall d&#039;Funktionalit\u00e9ite vun hirer Browser Software net all verf\u00fcgbar sinn.<\/p><p>Wann de Benotzer d&#039;Aufnahme vu Cookien a sengem Terminal oder Browser refus\u00e9iert, oder wann de Benotzer d\u00e9i do opgeholl l\u00e4scht, g\u00ebtt de Benotzer inform\u00e9iert datt seng Navigatioun an Erfahrung um Site limit\u00e9iert k\u00ebnne sinn. Dat k\u00e9int och de Fall sinn, wann aus technesche Kompatibilit\u00e9itszwecker https:\/\/enelec.lu\/ oder ee vu senge D\u00e9ngschtleeschter net d&#039;Art vum Browser deen den Terminal benotzt, d&#039;Sprooch an d&#039;Astellunge vum Display oder d&#039;Land vun deem den Terminal sch\u00e9ngt mam Internet verbonne sinn ze erkennen.<\/p><p>Wann zoutreffend, weigert https:\/\/enelec.lu\/ all Verantwortung fir d&#039;Konsequenze verbonne mat dem degrad\u00e9ierte Fonctionnement vum Site an de Servicer, d\u00e9i m\u00e9iglecherweis vun https:\/\/enelec.lu\/ ugebuede ginn, entstinn aus (i) der Refus vu Cookien vum Benotzer (ii) der Onm\u00e9iglechkeet fir https:\/\/enelec.lu\/ d&#039;Cookien opzehuelen oder ze konsult\u00e9ieren d\u00e9i n\u00e9ideg sinn fir de Choix vum Fonctionnement vum Benotzer. Fir d&#039;Gestioun vu Cookien a Benotzerwahlen ass d&#039;Konfiguratioun vun all Browser anescht. Et g\u00ebtt am H\u00ebllefsmen\u00fc vum Browser beschriwwen, deen Iech erlaabt ze w\u00ebssen w\u00e9i de Benotzer seng W\u00ebnsch iwwer Cookien \u00e4nneren kann.<\/p><p>Zu all Moment kann de Benotzer wielen seng W\u00ebnsch iwwer Cookien auszedr\u00e9cken an z&#039;\u00e4nneren. https:\/\/enelec.lu\/ kann och d&#039;Servicer vun externen D\u00e9ngschtleeschter benotzen fir d&#039;Informatioun ze sammelen an ze veraarbecht, d\u00e9i an d\u00ebser Rubrik beschriwwe g\u00ebtt.<\/p><p>Schlussendlech, andeems Dir op d&#039;Symboler gewidmet fir de sozialen Netzwierker Twitter, Facebook, Linkedin a Google Plus, d\u00e9i um Site vun https:\/\/enelec.lu\/ oder a senger mobiler Applikatioun ersch\u00e9ngen, klickt a wann de Benotzer d&#039;Depot vu Cookien akzept\u00e9iert huet andeems Dir weider op der Webs\u00e4it oder der mobiler Applikatioun vun https:\/\/enelec.lu\/ surft, Twitter, Facebook, Linkedin a Google Plus k\u00ebnnen och Cookien op \u00c4rem Computer, Tablet, Handy depos\u00e9ieren.<\/p><p>D\u00ebs Zorte vu Cookien ginn n\u00ebmmen op \u00c4ren Apparater gesat, wann Dir hinnen zoust\u00ebmmt, andeems Dir weider op der https:\/\/enelec.lu\/ Webs\u00e4it oder mobil Applikatioun surft. De Benotzer kann zu all Moment awer seng Zoust\u00ebmmung fir https:\/\/enelec.lu\/ d\u00ebs Zort Cookien zr\u00e9ckz\u00e9ien.<\/p><p>Artikel 9.2. INTERNET TAG<\/p><p>https:\/\/enelec.lu\/ kann heiansdo Internet-Tags (och &quot;Tags&quot; genannt, oder Action Tags, Single-Pixel GIFs, transparente GIFs, onsichtbar GIFs an One-to-One GIFs) benotzen an se duerch e spezialis\u00e9ierten Webanalysepartner ofsetzen, deen eventuell lokalis\u00e9iert (an dofir d\u00e9i entspriechend Informatioun, och d&#039;IP Adress vum Benotzer) an engem ausl\u00e4nnesche Land sp\u00e4ichert.<\/p><p>D\u00ebs Tags ginn souwuel an Online Annonc\u00eb gesat, d\u00e9i den Internet Benotzer Zougang zum Site erlaben, an op de verschiddene S\u00e4iten vum Site.<\/p><p>D\u00ebs Technologie erlaabt https:\/\/enelec.lu\/ d&#039;\u00c4ntwerte vun de Besucher op de Site an d&#039;Effektivit\u00e9it vun hiren Aktiounen ze evalu\u00e9ieren (zum Beispill d&#039;Zuel vun Mol eng S\u00e4it opgemaach g\u00ebtt an d&#039;Informatioun konsult\u00e9iert), souw\u00e9i d&#039;Benotzung vum Benotzer vun d\u00ebsem Site.<\/p><p>Den externen D\u00e9ngschtleeschter kann eventuell Informatiounen iwwer Besucher vum Site an aner Internets\u00e4iten sammelen mat d\u00ebsen Tags, Berichter iwwer d&#039;Aktivit\u00e9it vum Site zesummestellen fir d&#039;Opmierksamkeet vun https:\/\/enelec.lu\/, an aner Servicer am Zesummenhang mat der Benotzung vum Site an dem Internet ubidden.<\/p><p><strong>10. Applicabel Gesetz an Attributioun vun Juridictioun.<\/strong><\/p><p>All Str\u00e4it am Zesummenhang mat der Notzung vum Site https:\/\/enelec.lu\/ ass dem frans\u00e9ische Gesetz \u00ebnnerleien. Ausser a F\u00e4ll wou d&#039;Gesetz et net erlaabt, g\u00ebtt exklusiv Juridictioun un d\u00e9i zoust\u00e4nneg Geriichter vu Br\u00e9issel ausgezeechent.<\/p>\t\t\t\t\t\t\t\t<\/div>\n\t\t\t\t<\/div>\n\t\t\t\t\t<\/div>\n\t\t\t\t<\/div>\n\t\t\t\t<\/div>","protected":false},"excerpt":{"rendered":"<p>7. Gestion des donn\u00e9es personnelles. Le Client est inform\u00e9 des r\u00e9glementations concernant la communication marketing, la loi du 21 Juin 2014 pour la confiance dans l\u2019Economie Num\u00e9rique, la Loi Informatique et Libert\u00e9 du 06 Ao\u00fbt 2004 ainsi que du R\u00e8glement G\u00e9n\u00e9ral sur la Protection des Donn\u00e9es (RGPD : n\u00b0 2016-679). 7.1 Responsables de la collecte [&hellip;]<\/p>\n","protected":false},"author":1,"featured_media":0,"parent":0,"menu_order":0,"comment_status":"closed","ping_status":"closed","template":"elementor_header_footer","meta":{"footnotes":""},"class_list":["post-1928","page","type-page","status-publish","hentry"],"_links":{"self":[{"href":"https:\/\/enelec.lu\/lb\/wp-json\/wp\/v2\/pages\/1928","targetHints":{"allow":["GET"]}}],"collection":[{"href":"https:\/\/enelec.lu\/lb\/wp-json\/wp\/v2\/pages"}],"about":[{"href":"https:\/\/enelec.lu\/lb\/wp-json\/wp\/v2\/types\/page"}],"author":[{"embeddable":true,"href":"https:\/\/enelec.lu\/lb\/wp-json\/wp\/v2\/users\/1"}],"replies":[{"embeddable":true,"href":"https:\/\/enelec.lu\/lb\/wp-json\/wp\/v2\/comments?post=1928"}],"version-history":[{"count":0,"href":"https:\/\/enelec.lu\/lb\/wp-json\/wp\/v2\/pages\/1928\/revisions"}],"wp:attachment":[{"href":"https:\/\/enelec.lu\/lb\/wp-json\/wp\/v2\/media?parent=1928"}],"curies":[{"name":"wp","href":"https:\/\/api.w.org\/{rel}","templated":true}]}}